{"id":88,"date":"2024-05-28T16:42:08","date_gmt":"2024-05-28T16:42:08","guid":{"rendered":"https:\/\/me-trockenbau.at\/?page_id=88"},"modified":"2025-07-08T15:22:33","modified_gmt":"2025-07-08T15:22:33","slug":"innenputz","status":"publish","type":"page","link":"https:\/\/werkraum3504.at\/?page_id=88","title":{"rendered":"AKTUELL"},"content":{"rendered":"\n<section id=\"gm3dc9087\" class=\"wp-block-gutentor-m3 section-gm3dc9087 gutentor-module gutentor-container-cover has-image-bg has-custom-bg\"><div class=\"grid-container\"><\/div><\/section>\n\n\n\n<section id=\"gmed808b2\" class=\"wp-block-gutentor-m3 alignfull section-gmed808b2 gutentor-module gutentor-container-cover\"><div class=\"grid-container\">\n<section id=\"gm0923eb8\" class=\"wp-block-gutentor-m3 section-gm0923eb8 gutentor-module gutentor-container-cover\"><div class=\"grid-container\">\n<div style=\"height:51px\" aria-hidden=\"true\" class=\"wp-block-spacer\"><\/div>\n\n\n\n<h1 class=\"wp-block-heading\">Lubomir Hnatovi\u010d<\/h1>\n\n\n<div class=\"wp-block-image\">\n<figure class=\"aligncenter size-large\"><img loading=\"lazy\" decoding=\"async\" width=\"1024\" height=\"566\" src=\"https:\/\/werkraum3504.at\/wp-content\/uploads\/2025\/07\/WhatsApp-Bild-2025-07-03-um-17.08.21_b01fc2ae-1024x566.jpg\" alt=\"\" class=\"wp-image-383\" srcset=\"https:\/\/werkraum3504.at\/wp-content\/uploads\/2025\/07\/WhatsApp-Bild-2025-07-03-um-17.08.21_b01fc2ae-1024x566.jpg 1024w, https:\/\/werkraum3504.at\/wp-content\/uploads\/2025\/07\/WhatsApp-Bild-2025-07-03-um-17.08.21_b01fc2ae-300x166.jpg 300w, https:\/\/werkraum3504.at\/wp-content\/uploads\/2025\/07\/WhatsApp-Bild-2025-07-03-um-17.08.21_b01fc2ae-768x424.jpg 768w, https:\/\/werkraum3504.at\/wp-content\/uploads\/2025\/07\/WhatsApp-Bild-2025-07-03-um-17.08.21_b01fc2ae.jpg 1200w\" sizes=\"auto, (max-width: 1024px) 100vw, 1024px\" \/><\/figure>\n<\/div>\n\n\n<p>Lubomir Hnatovi\u010d wurde am 7. Oktober 1957 in Brodske, Slowakei geboren.<\/p>\n\n\n\n<p>Wie bei vielen K\u00fcnstlern sind die Wurzeln seiner Begabung in der Kindheit zu finden. Sein Vater war ein begabter Hobbymaler, Fotograf und M\u00f6belbauer. Ein schwer behinderter j\u00fcngerer Bruder, f\u00fcr den der sechsj\u00e4hrige Lubomir die engste Bezugsperson war, sollte sein Weltbild und damit sein k\u00fcnstlerisches Schaffen wesentlich beeinflussen. Nach einer Lehre als Schlosser \u2013 den Beruf wird er nie aus\u00fcben \u2013 besucht er kurz die `Akademia vytvarnych umeni\u00b4 in Bratislava und sp\u00e4ter, nach seiner Emigration in den Westen in den fr\u00fchen Achtziger Jahren, die Zeichenklasse bei Prof. Willi Kopf in der Universit\u00e4t f\u00fcr angewandte Kunst in Wien. Doch von diesen beiden Ausfl\u00fcgen in die Akademischen Ausbildungsst\u00e4tten abgesehen, ist Lubomir Autodidakt. Er hat sich seine Meister selbst gesucht. Gro\u00dfe Maler wie Goya, Velasquez, Ribera und in j\u00fcngerer Zeit Francis Bacon haben etwas in seiner Seele angesprochen, was er allm\u00e4hlich zu seinem ganz pers\u00f6nlichen Stil jenseits aller Moden und marktstrategischen \u00dcberlegungen entwickelt hat.<\/p>\n\n\n\n<figure class=\"wp-block-gallery has-nested-images columns-3 is-cropped has-lightbox wp-block-gallery-1 is-layout-flex wp-block-gallery-is-layout-flex\">\n<figure class=\"wp-block-image\"><img loading=\"lazy\" decoding=\"async\" width=\"800\" height=\"1200\" data-id=\"389\" src=\"https:\/\/werkraum3504.at\/wp-content\/uploads\/2025\/07\/WhatsApp-Bild-2025-07-03-um-17.08.21_8e6bd8e1.jpg\" alt=\"\" class=\"wp-image-389\" srcset=\"https:\/\/werkraum3504.at\/wp-content\/uploads\/2025\/07\/WhatsApp-Bild-2025-07-03-um-17.08.21_8e6bd8e1.jpg 800w, https:\/\/werkraum3504.at\/wp-content\/uploads\/2025\/07\/WhatsApp-Bild-2025-07-03-um-17.08.21_8e6bd8e1-200x300.jpg 200w, https:\/\/werkraum3504.at\/wp-content\/uploads\/2025\/07\/WhatsApp-Bild-2025-07-03-um-17.08.21_8e6bd8e1-683x1024.jpg 683w, https:\/\/werkraum3504.at\/wp-content\/uploads\/2025\/07\/WhatsApp-Bild-2025-07-03-um-17.08.21_8e6bd8e1-768x1152.jpg 768w\" sizes=\"auto, (max-width: 800px) 100vw, 800px\" \/><\/figure>\n\n\n\n<figure class=\"wp-block-image\"><img loading=\"lazy\" decoding=\"async\" width=\"800\" height=\"1200\" data-id=\"379\" src=\"https:\/\/werkraum3504.at\/wp-content\/uploads\/2025\/07\/WhatsApp-Bild-2025-07-03-um-17.08.21_9aad1e08.jpg\" alt=\"\" class=\"wp-image-379\" srcset=\"https:\/\/werkraum3504.at\/wp-content\/uploads\/2025\/07\/WhatsApp-Bild-2025-07-03-um-17.08.21_9aad1e08.jpg 800w, https:\/\/werkraum3504.at\/wp-content\/uploads\/2025\/07\/WhatsApp-Bild-2025-07-03-um-17.08.21_9aad1e08-200x300.jpg 200w, https:\/\/werkraum3504.at\/wp-content\/uploads\/2025\/07\/WhatsApp-Bild-2025-07-03-um-17.08.21_9aad1e08-683x1024.jpg 683w, https:\/\/werkraum3504.at\/wp-content\/uploads\/2025\/07\/WhatsApp-Bild-2025-07-03-um-17.08.21_9aad1e08-768x1152.jpg 768w\" sizes=\"auto, (max-width: 800px) 100vw, 800px\" \/><\/figure>\n\n\n\n<figure class=\"wp-block-image\"><img loading=\"lazy\" decoding=\"async\" width=\"1200\" height=\"800\" data-id=\"388\" src=\"https:\/\/werkraum3504.at\/wp-content\/uploads\/2025\/07\/WhatsApp-Bild-2025-07-03-um-17.08.19_4f857fea.jpg\" alt=\"\" class=\"wp-image-388\" srcset=\"https:\/\/werkraum3504.at\/wp-content\/uploads\/2025\/07\/WhatsApp-Bild-2025-07-03-um-17.08.19_4f857fea.jpg 1200w, https:\/\/werkraum3504.at\/wp-content\/uploads\/2025\/07\/WhatsApp-Bild-2025-07-03-um-17.08.19_4f857fea-300x200.jpg 300w, https:\/\/werkraum3504.at\/wp-content\/uploads\/2025\/07\/WhatsApp-Bild-2025-07-03-um-17.08.19_4f857fea-1024x683.jpg 1024w, https:\/\/werkraum3504.at\/wp-content\/uploads\/2025\/07\/WhatsApp-Bild-2025-07-03-um-17.08.19_4f857fea-768x512.jpg 768w, https:\/\/werkraum3504.at\/wp-content\/uploads\/2025\/07\/WhatsApp-Bild-2025-07-03-um-17.08.19_4f857fea-930x620.jpg 930w\" sizes=\"auto, (max-width: 1200px) 100vw, 1200px\" \/><\/figure>\n\n\n\n<figure class=\"wp-block-image\"><img loading=\"lazy\" decoding=\"async\" width=\"800\" height=\"1200\" data-id=\"384\" src=\"https:\/\/werkraum3504.at\/wp-content\/uploads\/2025\/07\/WhatsApp-Bild-2025-07-03-um-17.08.21_f9f8b08a.jpg\" alt=\"\" class=\"wp-image-384\" srcset=\"https:\/\/werkraum3504.at\/wp-content\/uploads\/2025\/07\/WhatsApp-Bild-2025-07-03-um-17.08.21_f9f8b08a.jpg 800w, https:\/\/werkraum3504.at\/wp-content\/uploads\/2025\/07\/WhatsApp-Bild-2025-07-03-um-17.08.21_f9f8b08a-200x300.jpg 200w, https:\/\/werkraum3504.at\/wp-content\/uploads\/2025\/07\/WhatsApp-Bild-2025-07-03-um-17.08.21_f9f8b08a-683x1024.jpg 683w, https:\/\/werkraum3504.at\/wp-content\/uploads\/2025\/07\/WhatsApp-Bild-2025-07-03-um-17.08.21_f9f8b08a-768x1152.jpg 768w\" sizes=\"auto, (max-width: 800px) 100vw, 800px\" \/><\/figure>\n\n\n\n<figure class=\"wp-block-image\"><img loading=\"lazy\" decoding=\"async\" width=\"800\" height=\"1200\" data-id=\"382\" src=\"https:\/\/werkraum3504.at\/wp-content\/uploads\/2025\/07\/WhatsApp-Bild-2025-07-03-um-17.08.21_704aa650.jpg\" alt=\"\" class=\"wp-image-382\" srcset=\"https:\/\/werkraum3504.at\/wp-content\/uploads\/2025\/07\/WhatsApp-Bild-2025-07-03-um-17.08.21_704aa650.jpg 800w, https:\/\/werkraum3504.at\/wp-content\/uploads\/2025\/07\/WhatsApp-Bild-2025-07-03-um-17.08.21_704aa650-200x300.jpg 200w, https:\/\/werkraum3504.at\/wp-content\/uploads\/2025\/07\/WhatsApp-Bild-2025-07-03-um-17.08.21_704aa650-683x1024.jpg 683w, https:\/\/werkraum3504.at\/wp-content\/uploads\/2025\/07\/WhatsApp-Bild-2025-07-03-um-17.08.21_704aa650-768x1152.jpg 768w\" sizes=\"auto, (max-width: 800px) 100vw, 800px\" \/><\/figure>\n\n\n\n<figure class=\"wp-block-image\"><img loading=\"lazy\" decoding=\"async\" width=\"1200\" height=\"800\" data-id=\"381\" src=\"https:\/\/werkraum3504.at\/wp-content\/uploads\/2025\/07\/WhatsApp-Bild-2025-07-03-um-17.08.21_390f9f0c.jpg\" alt=\"\" class=\"wp-image-381\" srcset=\"https:\/\/werkraum3504.at\/wp-content\/uploads\/2025\/07\/WhatsApp-Bild-2025-07-03-um-17.08.21_390f9f0c.jpg 1200w, https:\/\/werkraum3504.at\/wp-content\/uploads\/2025\/07\/WhatsApp-Bild-2025-07-03-um-17.08.21_390f9f0c-300x200.jpg 300w, https:\/\/werkraum3504.at\/wp-content\/uploads\/2025\/07\/WhatsApp-Bild-2025-07-03-um-17.08.21_390f9f0c-1024x683.jpg 1024w, https:\/\/werkraum3504.at\/wp-content\/uploads\/2025\/07\/WhatsApp-Bild-2025-07-03-um-17.08.21_390f9f0c-768x512.jpg 768w, https:\/\/werkraum3504.at\/wp-content\/uploads\/2025\/07\/WhatsApp-Bild-2025-07-03-um-17.08.21_390f9f0c-930x620.jpg 930w\" sizes=\"auto, (max-width: 1200px) 100vw, 1200px\" \/><\/figure>\n\n\n\n<figure class=\"wp-block-image\"><img loading=\"lazy\" decoding=\"async\" width=\"1200\" height=\"800\" data-id=\"380\" src=\"https:\/\/werkraum3504.at\/wp-content\/uploads\/2025\/07\/WhatsApp-Bild-2025-07-03-um-17.08.21_0246e319.jpg\" alt=\"\" class=\"wp-image-380\" srcset=\"https:\/\/werkraum3504.at\/wp-content\/uploads\/2025\/07\/WhatsApp-Bild-2025-07-03-um-17.08.21_0246e319.jpg 1200w, https:\/\/werkraum3504.at\/wp-content\/uploads\/2025\/07\/WhatsApp-Bild-2025-07-03-um-17.08.21_0246e319-300x200.jpg 300w, https:\/\/werkraum3504.at\/wp-content\/uploads\/2025\/07\/WhatsApp-Bild-2025-07-03-um-17.08.21_0246e319-1024x683.jpg 1024w, https:\/\/werkraum3504.at\/wp-content\/uploads\/2025\/07\/WhatsApp-Bild-2025-07-03-um-17.08.21_0246e319-768x512.jpg 768w, https:\/\/werkraum3504.at\/wp-content\/uploads\/2025\/07\/WhatsApp-Bild-2025-07-03-um-17.08.21_0246e319-930x620.jpg 930w\" sizes=\"auto, (max-width: 1200px) 100vw, 1200px\" \/><\/figure>\n<\/figure>\n\n\n\n<div style=\"height:43px\" aria-hidden=\"true\" class=\"wp-block-spacer\"><\/div>\n\n\n\n<div style=\"height:63px\" aria-hidden=\"true\" class=\"wp-block-spacer\"><\/div>\n<\/div><\/section>\n<\/div><\/section>\n","protected":false},"excerpt":{"rendered":"","protected":false},"author":1,"featured_media":0,"parent":0,"menu_order":0,"comment_status":"closed","ping_status":"closed","template":"","meta":{"_coblocks_attr":"","_coblocks_dimensions":"","_coblocks_responsive_height":"","_coblocks_accordion_ie_support":"","_uag_custom_page_level_css":"","neve_meta_sidebar":"","neve_meta_container":"full-width","neve_meta_enable_content_width":"","neve_meta_content_width":0,"neve_meta_title_alignment":"","neve_meta_author_avatar":"","neve_post_elements_order":"","neve_meta_disable_header":"","neve_meta_disable_footer":"","neve_meta_disable_title":"on","_themeisle_gutenberg_block_has_review":false,"footnotes":""},"class_list":["post-88","page","type-page","status-publish","hentry"],"uagb_featured_image_src":{"full":false,"thumbnail":false,"medium":false,"medium_large":false,"large":false,"1536x1536":false,"2048x2048":false,"neve-blog":false},"uagb_author_info":{"display_name":"admin","author_link":"https:\/\/werkraum3504.at\/?author=1"},"uagb_comment_info":0,"uagb_excerpt":null,"_links":{"self":[{"href":"https:\/\/werkraum3504.at\/index.php?rest_route=\/wp\/v2\/pages\/88","targetHints":{"allow":["GET"]}}],"collection":[{"href":"https:\/\/werkraum3504.at\/index.php?rest_route=\/wp\/v2\/pages"}],"about":[{"href":"https:\/\/werkraum3504.at\/index.php?rest_route=\/wp\/v2\/types\/page"}],"author":[{"embeddable":true,"href":"https:\/\/werkraum3504.at\/index.php?rest_route=\/wp\/v2\/users\/1"}],"replies":[{"embeddable":true,"href":"https:\/\/werkraum3504.at\/index.php?rest_route=%2Fwp%2Fv2%2Fcomments&post=88"}],"version-history":[{"count":7,"href":"https:\/\/werkraum3504.at\/index.php?rest_route=\/wp\/v2\/pages\/88\/revisions"}],"predecessor-version":[{"id":391,"href":"https:\/\/werkraum3504.at\/index.php?rest_route=\/wp\/v2\/pages\/88\/revisions\/391"}],"wp:attachment":[{"href":"https:\/\/werkraum3504.at\/index.php?rest_route=%2Fwp%2Fv2%2Fmedia&parent=88"}],"curies":[{"name":"wp","href":"https:\/\/api.w.org\/{rel}","templated":true}]}}